{"id":5312,"date":"2023-03-17T14:33:24","date_gmt":"2023-03-17T14:33:24","guid":{"rendered":"https:\/\/generarenovables.com.ar\/?page_id=5312"},"modified":"2023-07-19T18:22:10","modified_gmt":"2023-07-19T21:22:10","slug":"soporte","status":"publish","type":"page","link":"https:\/\/generarenovables.com.ar\/en\/soporte\/","title":{"rendered":"Soporte"},"content":{"rendered":"<div data-elementor-type=\"wp-page\" data-elementor-id=\"5312\" class=\"elementor elementor-5312\" data-elementor-post-type=\"page\">\n\t\t\t\t        <section class=\"elementor-section elementor-top-section elementor-element elementor-element-ccef982 pt-95 pb-80 elementor-section-boxed elementor-section-height-default elementor-section-height-default cms-boxed-bg-false\" data-id=\"ccef982\" data-element_type=\"section\">\r\n\t\t<div class=\"cms-section-boxed-bg\"><\/div>        <div class=\"elementor-container elementor-column-gap-wide\" >\r\n\t\t        <div class=\"elementor-column elementor-col-50 elementor-top-column elementor-element elementor-element-868dcc5\" data-id=\"868dcc5\" data-element_type=\"column\">\r\n            <div class=\"elementor-widget-wrap elementor-element-populated\">\r\n                        <section class=\"elementor-section elementor-inner-section elementor-element elementor-element-60bc2c5 elementor-section-boxed elementor-section-height-default elementor-section-height-default cms-boxed-bg-false\" data-id=\"60bc2c5\" data-element_type=\"section\">\r\n\t\t<div class=\"cms-section-boxed-bg\"><\/div>        <div class=\"elementor-container elementor-column-gap-default\" >\r\n\t\t        <div class=\"elementor-column elementor-col-50 elementor-inner-column elementor-element elementor-element-de56c67\" data-id=\"de56c67\" data-element_type=\"column\">\r\n            <div class=\"elementor-widget-wrap elementor-element-populated\">\r\n                \t\t<div class=\"elementor-element elementor-element-bd33bc0 elementor-widget elementor-widget-heading\" data-id=\"bd33bc0\" data-element_type=\"widget\" data-widget_type=\"heading.default\">\n\t\t\t\t<div class=\"elementor-widget-container\">\n\t\t\t\t\t<h1 class=\"elementor-heading-title elementor-size-default\">Soporte xxx <br>Equipos compactos<\/h1>\t\t\t\t<\/div>\n\t\t\t\t<\/div>\n\t\t\t\t<div class=\"elementor-element elementor-element-0e3a5ad elementor-widget elementor-widget-text-editor\" data-id=\"0e3a5ad\" data-element_type=\"widget\" data-widget_type=\"text-editor.default\">\n\t\t\t\t<div class=\"elementor-widget-container\">\n\t\t\t\t\t\t\t\t\t<p style=\"text-align: right;\">Descripci\u00f3n del soporte<\/p>\t\t\t\t\t\t\t\t<\/div>\n\t\t\t\t<\/div>\n\t\t            <\/div>\r\n        <\/div>\r\n                <div class=\"elementor-column elementor-col-50 elementor-inner-column elementor-element elementor-element-d03ffac\" data-id=\"d03ffac\" data-element_type=\"column\">\r\n            <div class=\"elementor-widget-wrap elementor-element-populated\">\r\n                \t\t<div class=\"elementor-element elementor-element-f62b2e5 elementor-widget elementor-widget-image\" data-id=\"f62b2e5\" data-element_type=\"widget\" data-widget_type=\"image.default\">\n\t\t\t\t<div class=\"elementor-widget-container\">\n\t\t\t\t\t\t\t\t\t\t\t\t\t\t\t<img fetchpriority=\"high\" class=\"cms-lazy lazy-loading attachment-full size-full wp-image-5983\" data-src=\"https:\/\/generarenovables.com.ar\/wp-content\/uploads\/2023\/04\/Soporte.jpg\" width=\"684\" height=\"732\" alt=\"Soporte de termotanque\" srcset=\"https:\/\/generarenovables.com.ar\/wp-content\/uploads\/2023\/04\/Soporte.jpg 684w, https:\/\/generarenovables.com.ar\/wp-content\/uploads\/2023\/04\/Soporte-11x12.jpg 11w, https:\/\/generarenovables.com.ar\/wp-content\/uploads\/2023\/04\/Soporte-467x500.jpg 467w\" sizes=\"(max-width: 684px) 100vw, 684px\" \/>\t\t\t\t\t\t\t\t\t\t\t\t\t\t\t<\/div>\n\t\t\t\t<\/div>\n\t\t            <\/div>\r\n        <\/div>\r\n        \t\t\t<\/div>\r\n\t\t<\/section>\r\n\t\t\t\t<div class=\"elementor-element elementor-element-5bdc2ef elementor-widget elementor-widget-text-editor\" data-id=\"5bdc2ef\" data-element_type=\"widget\" data-widget_type=\"text-editor.default\">\n\t\t\t\t<div class=\"elementor-widget-container\">\n\t\t\t\t\t\t\t\t\t<h4>Caracter\u00edsticas t\u00e9cnicas del soporte:<\/h4><ul><li style=\"list-style-type: none;\"><ul><li style=\"list-style-type: none;\"><ul><li>Tanque horizontal de Acero Inoxidable.<\/li><li>Capacidad 100lt<\/li><li>Aislaci\u00f3n de 50 cm de espesor seg\u00fan material:\u00a0poliuretano expandido.<\/li><li>Cubierta del tanque en\u00a0acero inoxidable.<\/li><li>Trabaja con la presi\u00f3n limitada del tanque de agua fr\u00eda que lo alimenta a no m\u00e1s de 3m sobre el nivel del calef\u00f3n solar.<\/li><li>Soporte chapa inoxidable<\/li><\/ul><\/li><\/ul><\/li><\/ul><ul><li style=\"list-style-type: none;\"><ul><li style=\"list-style-type: none;\">\u00a0<\/li><\/ul><\/li><\/ul>\t\t\t\t\t\t\t\t<\/div>\n\t\t\t\t<\/div>\n\t\t            <\/div>\r\n        <\/div>\r\n                <div class=\"elementor-column elementor-col-50 elementor-top-column elementor-element elementor-element-018e456 order-xl-first\" data-id=\"018e456\" data-element_type=\"column\">\r\n            <div class=\"elementor-widget-wrap elementor-element-populated\">\r\n                \t\t<div class=\"elementor-element elementor-element-d146dfb cms-cta-layout-2 elementor-widget elementor-widget-cms_cta\" data-id=\"d146dfb\" data-element_type=\"widget\" data-widget_type=\"cms_cta.default\">\n\t\t\t\t<div class=\"elementor-widget-container\">\n\t\t\t\t\t<div class=\"cms-cta-wrap\">\n\t<div class=\"cms-cta-heading-wrap empty-none cms-heading cms-cta-heading text-19 mt-n8 mb-20 text-body\">\n\t\t\t\t<span>Descargables\n\n\n<\/span>\n\t<\/div>\n\t        <div class=\"cms-btn-wraps  text-justify\">\r\n                <a href=\"https:\/\/generarenovables.com.ar\/wp-content\/uploads\/2023\/04\/Catalogo-EquipCompacto420-Ene23.pdf\" class=\"btn btn-fill btn-hover-rating btn-md d-lg-block\">\r\n                <span class=\"cms-btn-content cms-btn-content-brochure1\">\r\n                                            <span class=\"cms-btn-icon order-left  rtl-flip\">\r\n                            <svg aria-hidden=\"true\" class=\"e-font-icon-svg e-far-file-pdf\" viewbox=\"0 0 384 512\" xmlns=\"http:\/\/www.w3.org\/2000\/svg\"><path d=\"M369.9 97.9L286 14C277 5 264.8-.1 252.1-.1H48C21.5 0 0 21.5 0 48v416c0 26.5 21.5 48 48 48h288c26.5 0 48-21.5 48-48V131.9c0-12.7-5.1-25-14.1-34zM332.1 128H256V51.9l76.1 76.1zM48 464V48h160v104c0 13.3 10.7 24 24 24h104v288H48zm250.2-143.7c-12.2-12-47-8.7-64.4-6.5-17.2-10.5-28.7-25-36.8-46.3 3.9-16.1 10.1-40.6 5.4-56-4.2-26.2-37.8-23.6-42.6-5.9-4.4 16.1-.4 38.5 7 67.1-10 23.9-24.9 56-35.4 74.4-20 10.3-47 26.2-51 46.2-3.3 15.8 26 55.2 76.1-31.2 22.4-7.4 46.8-16.5 68.4-20.1 18.9 10.2 41 17 55.8 17 25.5 0 28-28.2 17.5-38.7zm-198.1 77.8c5.1-13.7 24.5-29.5 30.4-35-19 30.3-30.4 35.7-30.4 35zm81.6-190.6c7.4 0 6.7 32.1 1.8 40.8-4.4-13.9-4.3-40.8-1.8-40.8zm-24.4 136.6c9.7-16.9 18-37 24.7-54.7 8.3 15.1 18.9 27.2 30.1 35.5-20.8 4.3-38.9 13.1-54.8 19.2zm131.6-5s-5 6-37.3-7.8c35.1-2.6 40.9 5.4 37.3 7.8z\"><\/path><\/svg>                        <\/span>\r\n                                        <span class=\"cms-btn-text\">Manual de instalaci\u00f3n<\/span>\r\n                                    <\/span>\r\n            <\/a>\r\n                <\/div>\r\n    <\/div>\n\n \t\t\t\t<\/div>\n\t\t\t\t<\/div>\n\t\t        <section class=\"elementor-section elementor-inner-section elementor-element elementor-element-72f3bb4 elementor-section-boxed elementor-section-height-default elementor-section-height-default cms-boxed-bg-false\" data-id=\"72f3bb4\" data-element_type=\"section\" data-settings=\"{&quot;background_background&quot;:&quot;classic&quot;}\">\r\n\t\t<div class=\"cms-section-boxed-bg\"><\/div>            <div class=\"elementor-background-overlay\"><\/div>\r\n\t\t        <div class=\"elementor-container elementor-column-gap-default\" >\r\n\t\t        <div class=\"elementor-column elementor-col-100 elementor-inner-column elementor-element elementor-element-1e47c97\" data-id=\"1e47c97\" data-element_type=\"column\">\r\n            <div class=\"elementor-widget-wrap elementor-element-populated\">\r\n                \t\t<div class=\"elementor-element elementor-element-4d34104 elementor-widget elementor-widget-heading\" data-id=\"4d34104\" data-element_type=\"widget\" data-widget_type=\"heading.default\">\n\t\t\t\t<div class=\"elementor-widget-container\">\n\t\t\t\t\t<h4 class=\"elementor-heading-title elementor-size-default\">Cliente dedicado equipo y servicios \u00e1giles<\/h4>\t\t\t\t<\/div>\n\t\t\t\t<\/div>\n\t\t\t\t<div class=\"elementor-element elementor-element-6103be6 elementor-align-center elementor-widget elementor-widget-button\" data-id=\"6103be6\" data-element_type=\"widget\" data-widget_type=\"button.default\">\n\t\t\t\t<div class=\"elementor-widget-container\">\n\t\t\t\t\t\t\t\t\t<div class=\"elementor-button-wrapper\">\n\t\t\t\t\t<a class=\"elementor-button elementor-button-link elementor-size-sm\" href=\"https:\/\/generarenovables.com.ar\/en\/contacto\/\">\n\t\t\t\t\t\t<span class=\"elementor-button-content-wrapper\">\n\t\t\t\t\t\t\t\t\t<span class=\"elementor-button-text\">Agend\u00e1 una cita<\/span>\n\t\t\t\t\t<\/span>\n\t\t\t\t\t<\/a>\n\t\t\t\t<\/div>\n\t\t\t\t\t\t\t\t<\/div>\n\t\t\t\t<\/div>\n\t\t\t\t<div class=\"elementor-element elementor-element-3c169c2 elementor-widget elementor-widget-heading\" data-id=\"3c169c2\" data-element_type=\"widget\" data-widget_type=\"heading.default\">\n\t\t\t\t<div class=\"elementor-widget-container\">\n\t\t\t\t\t<h6 class=\"elementor-heading-title elementor-size-default\"><a href=\"tel:1151999526\">(+54) 11 5199-9526<\/a><\/h6>\t\t\t\t<\/div>\n\t\t\t\t<\/div>\n\t\t            <\/div>\r\n        <\/div>\r\n        \t\t\t<\/div>\r\n\t\t<\/section>\r\n\t\t\t\t<div class=\"elementor-element elementor-element-a2e4c5f elementor-hidden-widescreen elementor-hidden-desktop elementor-hidden-tablet elementor-hidden-mobile_extra elementor-hidden-mobile cms-menu-layout-1 elementor-widget elementor-widget-cms_menu\" data-id=\"a2e4c5f\" data-element_type=\"widget\" data-widget_type=\"cms_menu.default\">\n\t\t\t\t<div class=\"elementor-widget-container\">\n\t\t\t\t\t<div class=\"cms-menu-wraps relative\">\n\t\t\t<div class=\"cms-heading text-16 lh-30 pb-35 mt-n8 text-\">Productos<\/div>\n\t<div class=\"menu-menu-productos-sidebar-container\"><ul id=\"menu-menu-productos-sidebar\" class=\"cms-menu cms-menu-default\"><li id=\"menu-item-5734\" class=\"menu-item menu-item-type-post_type menu-item-object-page menu-item-has-children menu-item-5734\"><span class=\"text- link-hover-\"><a href=\"https:\/\/generarenovables.com.ar\/en\/equipos-domesticos-presurizables\/\"><span class=\"menu-icon\"><\/span>Equipos dom\u00e9sticos presurizables<\/a><\/span>\n<ul class=\"sub-menu\">\n\t<li id=\"menu-item-5716\" class=\"menu-item menu-item-type-post_type menu-item-object-page menu-item-5716\"><span class=\"text- link-hover-\"><a href=\"https:\/\/generarenovables.com.ar\/en\/equipos-domesticos-presurizables\/sistemas-directos\/\"><span class=\"menu-icon\"><\/span>Sistemas directos<\/a><\/span><\/li>\n\t<li id=\"menu-item-5744\" class=\"menu-item menu-item-type-post_type menu-item-object-page menu-item-5744\"><span class=\"text- link-hover-\"><a href=\"https:\/\/generarenovables.com.ar\/en\/equipos-domesticos-presurizables\/sistemas-indirectos\/\"><span class=\"menu-icon\"><\/span>Sistemas indirectos<\/a><\/span><\/li>\n<\/ul>\n<\/li>\n<li id=\"menu-item-5706\" class=\"menu-item menu-item-type-post_type menu-item-object-page menu-item-5706\"><span class=\"text- link-hover-\"><a href=\"https:\/\/generarenovables.com.ar\/en\/grandes-sistemas\/\"><span class=\"menu-icon\"><\/span>Grandes sistemas<\/a><\/span><\/li>\n<li id=\"menu-item-5705\" class=\"menu-item menu-item-type-post_type menu-item-object-page menu-item-5705\"><span class=\"text- link-hover-\"><a href=\"https:\/\/generarenovables.com.ar\/en\/accesorios-y-complementos\/\"><span class=\"menu-icon\"><\/span>Accesorios y complementos<\/a><\/span><\/li>\n<li id=\"menu-item-5707\" class=\"menu-item menu-item-type-post_type menu-item-object-page menu-item-5707\"><span class=\"text- link-hover-\"><a href=\"https:\/\/generarenovables.com.ar\/en\/soporte\/\"><span class=\"menu-icon\"><\/span>Soporte<\/a><\/span><\/li>\n<\/ul><\/div><\/div>\t\t\t\t<\/div>\n\t\t\t\t<\/div>\n\t\t            <\/div>\r\n        <\/div>\r\n        \t\t\t<\/div>\r\n\t\t<\/section>\r\n\t\t        <section class=\"elementor-section elementor-top-section elementor-element elementor-element-addbc18 elementor-section-stretched elementor-section-content-middle elementor-hidden-widescreen elementor-hidden-desktop elementor-hidden-tablet elementor-hidden-mobile_extra elementor-hidden-mobile elementor-section-boxed elementor-section-height-default elementor-section-height-default cms-boxed-bg-false\" data-id=\"addbc18\" data-element_type=\"section\" data-settings=\"{&quot;stretch_section&quot;:&quot;section-stretched&quot;,&quot;background_background&quot;:&quot;classic&quot;}\">\r\n\t\t<div class=\"cms-section-boxed-bg\"><\/div>        <div class=\"elementor-container elementor-column-gap-default\" >\r\n\t\t        <div class=\"elementor-column elementor-col-100 elementor-top-column elementor-element elementor-element-9b94abb\" data-id=\"9b94abb\" data-element_type=\"column\">\r\n            <div class=\"elementor-widget-wrap elementor-element-populated\">\r\n                        <div class=\"elementor-section elementor-inner-section elementor-element elementor-element-a402432 cms-justify-content-center elementor-section-content-middle elementor-section-boxed elementor-section-height-default elementor-section-height-default\" data-id=\"a402432\" data-element_type=\"section\">\r\n\t\t<div class=\"cms-section-boxed-bg\"><\/div>        <div class=\"elementor-container elementor-column-gap-no\" >\r\n\t\t        <div class=\"elementor-column elementor-col-50 elementor-inner-column elementor-element elementor-element-d49f0bd\" data-id=\"d49f0bd\" data-element_type=\"column\">\r\n            <div class=\"elementor-widget-wrap elementor-element-populated\">\r\n                \t\t<div class=\"elementor-element elementor-element-f1257d0 elementor-widget elementor-widget-heading\" data-id=\"f1257d0\" data-element_type=\"widget\" data-widget_type=\"heading.default\">\n\t\t\t\t<div class=\"elementor-widget-container\">\n\t\t\t\t\t<h1 class=\"elementor-heading-title elementor-size-default\">Tiene alguna consulta?<\/h1>\t\t\t\t<\/div>\n\t\t\t\t<\/div>\n\t\t            <\/div>\r\n        <\/div>\r\n                <div class=\"elementor-column elementor-col-50 elementor-inner-column elementor-element elementor-element-ffe837b\" data-id=\"ffe837b\" data-element_type=\"column\">\r\n            <div class=\"elementor-widget-wrap elementor-element-populated\">\r\n                \t\t<div class=\"elementor-element elementor-element-56a6eeb elementor-align-right elementor-widget elementor-widget-button\" data-id=\"56a6eeb\" data-element_type=\"widget\" data-widget_type=\"button.default\">\n\t\t\t\t<div class=\"elementor-widget-container\">\n\t\t\t\t\t\t\t\t\t<div class=\"elementor-button-wrapper\">\n\t\t\t\t\t<a class=\"elementor-button elementor-button-link elementor-size-lg\" href=\"\/en\/contacto\/\">\n\t\t\t\t\t\t<span class=\"elementor-button-content-wrapper\">\n\t\t\t\t\t\t\t\t\t<span class=\"elementor-button-text\">Cont\u00e1ctenos<\/span>\n\t\t\t\t\t<\/span>\n\t\t\t\t\t<\/a>\n\t\t\t\t<\/div>\n\t\t\t\t\t\t\t\t<\/div>\n\t\t\t\t<\/div>\n\t\t            <\/div>\r\n        <\/div>\r\n        \t\t\t<\/div>\r\n\t\t<\/div>\r\n\t\t            <\/div>\r\n        <\/div>\r\n        \t\t\t<\/div>\r\n\t\t<\/section>\r\n\t\t\t\t<\/div>","protected":false},"excerpt":{"rendered":"<p>Soporte xxx Equipos compactos Descripci\u00f3n del soporte Caracter\u00edsticas t\u00e9cnicas del soporte: Tanque horizontal de Acero Inoxidable. Capacidad 100lt Aislaci\u00f3n de 50 cm de espesor seg\u00fan material:\u00a0poliuretano expandido. Cubierta del tanque en\u00a0acero inoxidable. Trabaja con la presi\u00f3n limitada del tanque de agua fr\u00eda que lo alimenta a no m\u00e1s de 3m sobre el nivel del calef\u00f3n [&hellip;]<\/p>","protected":false},"author":2,"featured_media":0,"parent":0,"menu_order":0,"comment_status":"closed","ping_status":"closed","template":"","meta":{"footnotes":""},"class_list":["post-5312","page","type-page","status-publish","hentry","cms-no-post-thumbnail"],"_links":{"self":[{"href":"https:\/\/generarenovables.com.ar\/en\/wp-json\/wp\/v2\/pages\/5312","targetHints":{"allow":["GET"]}}],"collection":[{"href":"https:\/\/generarenovables.com.ar\/en\/wp-json\/wp\/v2\/pages"}],"about":[{"href":"https:\/\/generarenovables.com.ar\/en\/wp-json\/wp\/v2\/types\/page"}],"author":[{"embeddable":true,"href":"https:\/\/generarenovables.com.ar\/en\/wp-json\/wp\/v2\/users\/2"}],"replies":[{"embeddable":true,"href":"https:\/\/generarenovables.com.ar\/en\/wp-json\/wp\/v2\/comments?post=5312"}],"version-history":[{"count":19,"href":"https:\/\/generarenovables.com.ar\/en\/wp-json\/wp\/v2\/pages\/5312\/revisions"}],"predecessor-version":[{"id":6518,"href":"https:\/\/generarenovables.com.ar\/en\/wp-json\/wp\/v2\/pages\/5312\/revisions\/6518"}],"wp:attachment":[{"href":"https:\/\/generarenovables.com.ar\/en\/wp-json\/wp\/v2\/media?parent=5312"}],"curies":[{"name":"wp","href":"https:\/\/api.w.org\/{rel}","templated":true}]}}