{"id":6142,"date":"2023-05-08T09:38:42","date_gmt":"2023-05-08T12:38:42","guid":{"rendered":"https:\/\/generarenovables.com.ar\/?page_id=6142"},"modified":"2025-05-28T12:20:01","modified_gmt":"2025-05-28T15:20:01","slug":"catalogos","status":"publish","type":"page","link":"https:\/\/generarenovables.com.ar\/en\/catalogos\/","title":{"rendered":"Cat\u00e1logos"},"content":{"rendered":"<div data-elementor-type=\"wp-page\" data-elementor-id=\"6142\" class=\"elementor elementor-6142\" data-elementor-post-type=\"page\">\n\t\t\t\t<div class=\"elementor-element elementor-element-f78e6dc pt-95 pb-80 e-flex e-con-boxed e-con e-parent\" data-id=\"f78e6dc\" data-element_type=\"container\">\r\n\t\t\t\t\t<div class=\"e-con-inner\">\r\n\t\t<div class=\"elementor-element elementor-element-d2b5a94 e-con-full e-flex e-con e-child\" data-id=\"d2b5a94\" data-element_type=\"container\">\r\n\t\t<div class=\"elementor-element elementor-element-12cc326 e-con-full e-flex e-con e-child\" data-id=\"12cc326\" data-element_type=\"container\">\r\n\t\t\t\t<div class=\"elementor-element elementor-element-aaa54ad elementor-widget__width-initial elementor-widget-widescreen__width-initial elementor-widget elementor-widget-text-editor\" data-id=\"aaa54ad\" data-element_type=\"widget\" data-widget_type=\"text-editor.default\">\n\t\t\t\t<div class=\"elementor-widget-container\">\n\t\t\t\t\t\t\t\t\t<p>Descargue nuestros cat\u00e1logos<\/p>\t\t\t\t\t\t\t\t<\/div>\n\t\t\t\t<\/div>\n\t\t<div class=\"elementor-element elementor-element-0af5716 e-con-full e-flex e-con e-child\" data-id=\"0af5716\" data-element_type=\"container\">\r\n\t\t<div class=\"elementor-element elementor-element-3915073 e-con-full e-flex e-con e-child\" data-id=\"3915073\" data-element_type=\"container\">\r\n\t\t\t\t<div class=\"elementor-element elementor-element-18df1c5 elementor-widget elementor-widget-image\" data-id=\"18df1c5\" data-element_type=\"widget\" data-widget_type=\"image.default\">\n\t\t\t\t<div class=\"elementor-widget-container\">\n\t\t\t\t\t\t\t\t\t\t\t\t\t\t\t\t<a href=\"https:\/\/generarenovables.com.ar\/wp-content\/uploads\/2024\/05\/Catalogo-Genera-Equipo-Compacto-100-Nov23-007.pdf\" target=\"_blank\">\n\t\t\t\t\t\t\t<img fetchpriority=\"high\" class=\"cms-lazy lazy-loading attachment-full size-full wp-image-7227\" data-src=\"https:\/\/generarenovables.com.ar\/wp-content\/uploads\/2025\/05\/Catalogo-Modelo-100.jpg\" width=\"606\" height=\"816\" alt=\"Cat\u00e1logo Modelo 100\" srcset=\"https:\/\/generarenovables.com.ar\/wp-content\/uploads\/2025\/05\/Catalogo-Modelo-100.jpg 606w, https:\/\/generarenovables.com.ar\/wp-content\/uploads\/2025\/05\/Catalogo-Modelo-100-391x527.jpg 391w\" sizes=\"(max-width: 606px) 100vw, 606px\" \/>\t\t\t\t\t\t\t\t<\/a>\n\t\t\t\t\t\t\t\t\t\t\t\t\t\t\t<\/div>\n\t\t\t\t<\/div>\n\t\t<div class=\"elementor-element elementor-element-741756a e-con-full e-flex e-con e-child\" data-id=\"741756a\" data-element_type=\"container\">\r\n\t\t<div class=\"elementor-element elementor-element-b21419b e-con-full e-flex e-con e-child\" data-id=\"b21419b\" data-element_type=\"container\">\r\n\t\t\t\t<div class=\"elementor-element elementor-element-28e099d elementor-widescreen-align-left elementor-align-center elementor-widget elementor-widget-button\" data-id=\"28e099d\" data-element_type=\"widget\" data-widget_type=\"button.default\">\n\t\t\t\t<div class=\"elementor-widget-container\">\n\t\t\t\t\t\t\t\t\t<div class=\"elementor-button-wrapper\">\n\t\t\t\t\t<a class=\"elementor-button elementor-button-link elementor-size-sm\" href=\"https:\/\/generarenovables.com.ar\/wp-content\/uploads\/2025\/05\/Catalogo-Genera-equipo-compacto-100_Jun24_016-1.pdf\" target=\"_blank\">\n\t\t\t\t\t\t<span class=\"elementor-button-content-wrapper\">\n\t\t\t\t\t\t<span class=\"elementor-button-icon\">\n\t\t\t\t<svg aria-hidden=\"true\" class=\"e-font-icon-svg e-far-file-pdf\" viewbox=\"0 0 384 512\" xmlns=\"http:\/\/www.w3.org\/2000\/svg\"><path d=\"M369.9 97.9L286 14C277 5 264.8-.1 252.1-.1H48C21.5 0 0 21.5 0 48v416c0 26.5 21.5 48 48 48h288c26.5 0 48-21.5 48-48V131.9c0-12.7-5.1-25-14.1-34zM332.1 128H256V51.9l76.1 76.1zM48 464V48h160v104c0 13.3 10.7 24 24 24h104v288H48zm250.2-143.7c-12.2-12-47-8.7-64.4-6.5-17.2-10.5-28.7-25-36.8-46.3 3.9-16.1 10.1-40.6 5.4-56-4.2-26.2-37.8-23.6-42.6-5.9-4.4 16.1-.4 38.5 7 67.1-10 23.9-24.9 56-35.4 74.4-20 10.3-47 26.2-51 46.2-3.3 15.8 26 55.2 76.1-31.2 22.4-7.4 46.8-16.5 68.4-20.1 18.9 10.2 41 17 55.8 17 25.5 0 28-28.2 17.5-38.7zm-198.1 77.8c5.1-13.7 24.5-29.5 30.4-35-19 30.3-30.4 35.7-30.4 35zm81.6-190.6c7.4 0 6.7 32.1 1.8 40.8-4.4-13.9-4.3-40.8-1.8-40.8zm-24.4 136.6c9.7-16.9 18-37 24.7-54.7 8.3 15.1 18.9 27.2 30.1 35.5-20.8 4.3-38.9 13.1-54.8 19.2zm131.6-5s-5 6-37.3-7.8c35.1-2.6 40.9 5.4 37.3 7.8z\"><\/path><\/svg>\t\t\t<\/span>\n\t\t\t\t\t\t\t\t\t<span class=\"elementor-button-text\">Descargar Cat\u00e1logo Modelo 100<\/span>\n\t\t\t\t\t<\/span>\n\t\t\t\t\t<\/a>\n\t\t\t\t<\/div>\n\t\t\t\t\t\t\t\t<\/div>\n\t\t\t\t<\/div>\n\t\t\t\t<\/div>\r\n\t\t\t\t<\/div>\r\n\t\t\t\t<\/div>\r\n\t\t<div class=\"elementor-element elementor-element-e4d14af e-con-full e-flex e-con e-child\" data-id=\"e4d14af\" data-element_type=\"container\">\r\n\t\t\t\t<div class=\"elementor-element elementor-element-eaccae4 elementor-widget elementor-widget-image\" data-id=\"eaccae4\" data-element_type=\"widget\" data-widget_type=\"image.default\">\n\t\t\t\t<div class=\"elementor-widget-container\">\n\t\t\t\t\t\t\t\t\t\t\t\t\t\t\t\t<a href=\"https:\/\/generarenovables.com.ar\/wp-content\/uploads\/2024\/05\/Catalogo-Genera-Equipo-Compacto-120-Agos23-002.pdf\" target=\"_blank\">\n\t\t\t\t\t\t\t<img class=\"cms-lazy lazy-loading attachment-full size-full wp-image-7124\" data-src=\"https:\/\/generarenovables.com.ar\/wp-content\/uploads\/2024\/05\/Catalogo-Genera-Equipo-Compacto-120-Agos23-002-scaled.webp\" width=\"1879\" height=\"2560\" alt=\"\" srcset=\"https:\/\/generarenovables.com.ar\/wp-content\/uploads\/2024\/05\/Catalogo-Genera-Equipo-Compacto-120-Agos23-002-scaled.webp 1879w, https:\/\/generarenovables.com.ar\/wp-content\/uploads\/2024\/05\/Catalogo-Genera-Equipo-Compacto-120-Agos23-002-1127x1536.webp 1127w, https:\/\/generarenovables.com.ar\/wp-content\/uploads\/2024\/05\/Catalogo-Genera-Equipo-Compacto-120-Agos23-002-1503x2048.webp 1503w, https:\/\/generarenovables.com.ar\/wp-content\/uploads\/2024\/05\/Catalogo-Genera-Equipo-Compacto-120-Agos23-002-9x12.webp 9w, https:\/\/generarenovables.com.ar\/wp-content\/uploads\/2024\/05\/Catalogo-Genera-Equipo-Compacto-120-Agos23-002-367x500.webp 367w\" sizes=\"(max-width: 1879px) 100vw, 1879px\" \/>\t\t\t\t\t\t\t\t<\/a>\n\t\t\t\t\t\t\t\t\t\t\t\t\t\t\t<\/div>\n\t\t\t\t<\/div>\n\t\t<div class=\"elementor-element elementor-element-c6b8cb9 e-con-full e-flex e-con e-child\" data-id=\"c6b8cb9\" data-element_type=\"container\">\r\n\t\t<div class=\"elementor-element elementor-element-36946c3 e-con-full e-flex e-con e-child\" data-id=\"36946c3\" data-element_type=\"container\">\r\n\t\t\t\t<div class=\"elementor-element elementor-element-ffeaca1 elementor-widescreen-align-left elementor-align-center elementor-widget elementor-widget-button\" data-id=\"ffeaca1\" data-element_type=\"widget\" data-widget_type=\"button.default\">\n\t\t\t\t<div class=\"elementor-widget-container\">\n\t\t\t\t\t\t\t\t\t<div class=\"elementor-button-wrapper\">\n\t\t\t\t\t<a class=\"elementor-button elementor-button-link elementor-size-sm\" href=\"https:\/\/generarenovables.com.ar\/wp-content\/uploads\/2024\/05\/Catalogo-Genera-Equipo-Compacto-120-Agos23-002.pdf\" target=\"_blank\">\n\t\t\t\t\t\t<span class=\"elementor-button-content-wrapper\">\n\t\t\t\t\t\t<span class=\"elementor-button-icon\">\n\t\t\t\t<svg aria-hidden=\"true\" class=\"e-font-icon-svg e-far-file-pdf\" viewbox=\"0 0 384 512\" xmlns=\"http:\/\/www.w3.org\/2000\/svg\"><path d=\"M369.9 97.9L286 14C277 5 264.8-.1 252.1-.1H48C21.5 0 0 21.5 0 48v416c0 26.5 21.5 48 48 48h288c26.5 0 48-21.5 48-48V131.9c0-12.7-5.1-25-14.1-34zM332.1 128H256V51.9l76.1 76.1zM48 464V48h160v104c0 13.3 10.7 24 24 24h104v288H48zm250.2-143.7c-12.2-12-47-8.7-64.4-6.5-17.2-10.5-28.7-25-36.8-46.3 3.9-16.1 10.1-40.6 5.4-56-4.2-26.2-37.8-23.6-42.6-5.9-4.4 16.1-.4 38.5 7 67.1-10 23.9-24.9 56-35.4 74.4-20 10.3-47 26.2-51 46.2-3.3 15.8 26 55.2 76.1-31.2 22.4-7.4 46.8-16.5 68.4-20.1 18.9 10.2 41 17 55.8 17 25.5 0 28-28.2 17.5-38.7zm-198.1 77.8c5.1-13.7 24.5-29.5 30.4-35-19 30.3-30.4 35.7-30.4 35zm81.6-190.6c7.4 0 6.7 32.1 1.8 40.8-4.4-13.9-4.3-40.8-1.8-40.8zm-24.4 136.6c9.7-16.9 18-37 24.7-54.7 8.3 15.1 18.9 27.2 30.1 35.5-20.8 4.3-38.9 13.1-54.8 19.2zm131.6-5s-5 6-37.3-7.8c35.1-2.6 40.9 5.4 37.3 7.8z\"><\/path><\/svg>\t\t\t<\/span>\n\t\t\t\t\t\t\t\t\t<span class=\"elementor-button-text\">Descargar Cat\u00e1logo Modelo 120<\/span>\n\t\t\t\t\t<\/span>\n\t\t\t\t\t<\/a>\n\t\t\t\t<\/div>\n\t\t\t\t\t\t\t\t<\/div>\n\t\t\t\t<\/div>\n\t\t\t\t<\/div>\r\n\t\t\t\t<\/div>\r\n\t\t\t\t<\/div>\r\n\t\t<div class=\"elementor-element elementor-element-906de44 e-con-full e-flex e-con e-child\" data-id=\"906de44\" data-element_type=\"container\">\r\n\t\t\t\t<div class=\"elementor-element elementor-element-b0be2e2 elementor-widget elementor-widget-image\" data-id=\"b0be2e2\" data-element_type=\"widget\" data-widget_type=\"image.default\">\n\t\t\t\t<div class=\"elementor-widget-container\">\n\t\t\t\t\t\t\t\t\t\t\t\t\t\t\t\t<a href=\"https:\/\/generarenovables.com.ar\/wp-content\/uploads\/2024\/05\/Catalogo-Genera-Equipo-Compacto-180-Nov23-006.pdf\" target=\"_blank\">\n\t\t\t\t\t\t\t<img class=\"cms-lazy lazy-loading attachment-full size-full wp-image-7220\" data-src=\"https:\/\/generarenovables.com.ar\/wp-content\/uploads\/2025\/05\/Catalogo-Modelo-180.jpg\" width=\"606\" height=\"816\" alt=\"\" srcset=\"https:\/\/generarenovables.com.ar\/wp-content\/uploads\/2025\/05\/Catalogo-Modelo-180.jpg 606w, https:\/\/generarenovables.com.ar\/wp-content\/uploads\/2025\/05\/Catalogo-Modelo-180-391x527.jpg 391w\" sizes=\"(max-width: 606px) 100vw, 606px\" \/>\t\t\t\t\t\t\t\t<\/a>\n\t\t\t\t\t\t\t\t\t\t\t\t\t\t\t<\/div>\n\t\t\t\t<\/div>\n\t\t<div class=\"elementor-element elementor-element-c1231dc e-con-full e-flex e-con e-child\" data-id=\"c1231dc\" data-element_type=\"container\">\r\n\t\t<div class=\"elementor-element elementor-element-eef8473 e-con-full e-flex e-con e-child\" data-id=\"eef8473\" data-element_type=\"container\">\r\n\t\t\t\t<div class=\"elementor-element elementor-element-4c6384c elementor-widescreen-align-left elementor-align-center elementor-widget elementor-widget-button\" data-id=\"4c6384c\" data-element_type=\"widget\" data-widget_type=\"button.default\">\n\t\t\t\t<div class=\"elementor-widget-container\">\n\t\t\t\t\t\t\t\t\t<div class=\"elementor-button-wrapper\">\n\t\t\t\t\t<a class=\"elementor-button elementor-button-link elementor-size-sm\" href=\"https:\/\/generarenovables.com.ar\/wp-content\/uploads\/2025\/05\/Catalogo-Genera-equipo-compacto-180_Jun24_015.pdf\" target=\"_blank\">\n\t\t\t\t\t\t<span class=\"elementor-button-content-wrapper\">\n\t\t\t\t\t\t<span class=\"elementor-button-icon\">\n\t\t\t\t<svg aria-hidden=\"true\" class=\"e-font-icon-svg e-far-file-pdf\" viewbox=\"0 0 384 512\" xmlns=\"http:\/\/www.w3.org\/2000\/svg\"><path d=\"M369.9 97.9L286 14C277 5 264.8-.1 252.1-.1H48C21.5 0 0 21.5 0 48v416c0 26.5 21.5 48 48 48h288c26.5 0 48-21.5 48-48V131.9c0-12.7-5.1-25-14.1-34zM332.1 128H256V51.9l76.1 76.1zM48 464V48h160v104c0 13.3 10.7 24 24 24h104v288H48zm250.2-143.7c-12.2-12-47-8.7-64.4-6.5-17.2-10.5-28.7-25-36.8-46.3 3.9-16.1 10.1-40.6 5.4-56-4.2-26.2-37.8-23.6-42.6-5.9-4.4 16.1-.4 38.5 7 67.1-10 23.9-24.9 56-35.4 74.4-20 10.3-47 26.2-51 46.2-3.3 15.8 26 55.2 76.1-31.2 22.4-7.4 46.8-16.5 68.4-20.1 18.9 10.2 41 17 55.8 17 25.5 0 28-28.2 17.5-38.7zm-198.1 77.8c5.1-13.7 24.5-29.5 30.4-35-19 30.3-30.4 35.7-30.4 35zm81.6-190.6c7.4 0 6.7 32.1 1.8 40.8-4.4-13.9-4.3-40.8-1.8-40.8zm-24.4 136.6c9.7-16.9 18-37 24.7-54.7 8.3 15.1 18.9 27.2 30.1 35.5-20.8 4.3-38.9 13.1-54.8 19.2zm131.6-5s-5 6-37.3-7.8c35.1-2.6 40.9 5.4 37.3 7.8z\"><\/path><\/svg>\t\t\t<\/span>\n\t\t\t\t\t\t\t\t\t<span class=\"elementor-button-text\">Descargar Cat\u00e1logo Modelo 180<\/span>\n\t\t\t\t\t<\/span>\n\t\t\t\t\t<\/a>\n\t\t\t\t<\/div>\n\t\t\t\t\t\t\t\t<\/div>\n\t\t\t\t<\/div>\n\t\t\t\t<\/div>\r\n\t\t\t\t<\/div>\r\n\t\t\t\t<\/div>\r\n\t\t\t\t<\/div>\r\n\t\t<div class=\"elementor-element elementor-element-7739687 e-con-full e-flex e-con e-child\" data-id=\"7739687\" data-element_type=\"container\">\r\n\t\t<div class=\"elementor-element elementor-element-8673a2d e-con-full e-flex e-con e-child\" data-id=\"8673a2d\" data-element_type=\"container\">\r\n\t\t\t\t<div class=\"elementor-element elementor-element-312630f elementor-widget elementor-widget-image\" data-id=\"312630f\" data-element_type=\"widget\" data-widget_type=\"image.default\">\n\t\t\t\t<div class=\"elementor-widget-container\">\n\t\t\t\t\t\t\t\t\t\t\t\t\t\t\t\t<a href=\"https:\/\/generarenovables.com.ar\/wp-content\/uploads\/2024\/05\/Catalogo-Genera-Equipo-Compacto-420-Agos23-001.pdf\" target=\"_blank\">\n\t\t\t\t\t\t\t<img loading=\"lazy\" class=\"cms-lazy lazy-loading attachment-full size-full wp-image-7126\" data-src=\"https:\/\/generarenovables.com.ar\/wp-content\/uploads\/2024\/05\/Catalogo-Genera-Equipo-Compacto-420-Agos23-001-scaled.webp\" width=\"1879\" height=\"2560\" alt=\"\" srcset=\"https:\/\/generarenovables.com.ar\/wp-content\/uploads\/2024\/05\/Catalogo-Genera-Equipo-Compacto-420-Agos23-001-scaled.webp 1879w, https:\/\/generarenovables.com.ar\/wp-content\/uploads\/2024\/05\/Catalogo-Genera-Equipo-Compacto-420-Agos23-001-1127x1536.webp 1127w, https:\/\/generarenovables.com.ar\/wp-content\/uploads\/2024\/05\/Catalogo-Genera-Equipo-Compacto-420-Agos23-001-1503x2048.webp 1503w, https:\/\/generarenovables.com.ar\/wp-content\/uploads\/2024\/05\/Catalogo-Genera-Equipo-Compacto-420-Agos23-001-9x12.webp 9w, https:\/\/generarenovables.com.ar\/wp-content\/uploads\/2024\/05\/Catalogo-Genera-Equipo-Compacto-420-Agos23-001-367x500.webp 367w\" sizes=\"(max-width: 1879px) 100vw, 1879px\" \/>\t\t\t\t\t\t\t\t<\/a>\n\t\t\t\t\t\t\t\t\t\t\t\t\t\t\t<\/div>\n\t\t\t\t<\/div>\n\t\t<div class=\"elementor-element elementor-element-eba46fd e-con-full e-flex e-con e-child\" data-id=\"eba46fd\" data-element_type=\"container\">\r\n\t\t<div class=\"elementor-element elementor-element-6d2f400 e-con-full e-flex e-con e-child\" data-id=\"6d2f400\" data-element_type=\"container\">\r\n\t\t\t\t<div class=\"elementor-element elementor-element-794cda2 elementor-widescreen-align-left elementor-align-center elementor-widget elementor-widget-button\" data-id=\"794cda2\" data-element_type=\"widget\" data-widget_type=\"button.default\">\n\t\t\t\t<div class=\"elementor-widget-container\">\n\t\t\t\t\t\t\t\t\t<div class=\"elementor-button-wrapper\">\n\t\t\t\t\t<a class=\"elementor-button elementor-button-link elementor-size-sm\" href=\"https:\/\/generarenovables.com.ar\/wp-content\/uploads\/2024\/05\/Catalogo-Genera-Equipo-Compacto-420-Agos23-001.pdf\" target=\"_blank\">\n\t\t\t\t\t\t<span class=\"elementor-button-content-wrapper\">\n\t\t\t\t\t\t<span class=\"elementor-button-icon\">\n\t\t\t\t<svg aria-hidden=\"true\" class=\"e-font-icon-svg e-far-file-pdf\" viewbox=\"0 0 384 512\" xmlns=\"http:\/\/www.w3.org\/2000\/svg\"><path d=\"M369.9 97.9L286 14C277 5 264.8-.1 252.1-.1H48C21.5 0 0 21.5 0 48v416c0 26.5 21.5 48 48 48h288c26.5 0 48-21.5 48-48V131.9c0-12.7-5.1-25-14.1-34zM332.1 128H256V51.9l76.1 76.1zM48 464V48h160v104c0 13.3 10.7 24 24 24h104v288H48zm250.2-143.7c-12.2-12-47-8.7-64.4-6.5-17.2-10.5-28.7-25-36.8-46.3 3.9-16.1 10.1-40.6 5.4-56-4.2-26.2-37.8-23.6-42.6-5.9-4.4 16.1-.4 38.5 7 67.1-10 23.9-24.9 56-35.4 74.4-20 10.3-47 26.2-51 46.2-3.3 15.8 26 55.2 76.1-31.2 22.4-7.4 46.8-16.5 68.4-20.1 18.9 10.2 41 17 55.8 17 25.5 0 28-28.2 17.5-38.7zm-198.1 77.8c5.1-13.7 24.5-29.5 30.4-35-19 30.3-30.4 35.7-30.4 35zm81.6-190.6c7.4 0 6.7 32.1 1.8 40.8-4.4-13.9-4.3-40.8-1.8-40.8zm-24.4 136.6c9.7-16.9 18-37 24.7-54.7 8.3 15.1 18.9 27.2 30.1 35.5-20.8 4.3-38.9 13.1-54.8 19.2zm131.6-5s-5 6-37.3-7.8c35.1-2.6 40.9 5.4 37.3 7.8z\"><\/path><\/svg>\t\t\t<\/span>\n\t\t\t\t\t\t\t\t\t<span class=\"elementor-button-text\">Descargar Cat\u00e1logo Modelo 420<\/span>\n\t\t\t\t\t<\/span>\n\t\t\t\t\t<\/a>\n\t\t\t\t<\/div>\n\t\t\t\t\t\t\t\t<\/div>\n\t\t\t\t<\/div>\n\t\t\t\t<\/div>\r\n\t\t\t\t<\/div>\r\n\t\t\t\t<\/div>\r\n\t\t<div class=\"elementor-element elementor-element-1d73532 e-con-full e-flex e-con e-child\" data-id=\"1d73532\" data-element_type=\"container\">\r\n\t\t\t\t<div class=\"elementor-element elementor-element-787a018 elementor-widget elementor-widget-image\" data-id=\"787a018\" data-element_type=\"widget\" data-widget_type=\"image.default\">\n\t\t\t\t<div class=\"elementor-widget-container\">\n\t\t\t\t\t\t\t\t\t\t\t\t\t\t\t\t<a href=\"https:\/\/generarenovables.com.ar\/wp-content\/uploads\/2024\/05\/Catalogo-Genera-Tanques-y-Placa-Split-Agos23-003.pdf\" target=\"_blank\">\n\t\t\t\t\t\t\t<img loading=\"lazy\" class=\"cms-lazy lazy-loading attachment-full size-full wp-image-7216\" data-src=\"https:\/\/generarenovables.com.ar\/wp-content\/uploads\/2025\/05\/Catalogo-Sistemas-Split-1.jpg\" width=\"595\" height=\"842\" alt=\"Descargar Cat\u00e1logo Sistemas Split\" srcset=\"https:\/\/generarenovables.com.ar\/wp-content\/uploads\/2025\/05\/Catalogo-Sistemas-Split-1.jpg 595w, https:\/\/generarenovables.com.ar\/wp-content\/uploads\/2025\/05\/Catalogo-Sistemas-Split-1-372x527.jpg 372w\" sizes=\"(max-width: 595px) 100vw, 595px\" \/>\t\t\t\t\t\t\t\t<\/a>\n\t\t\t\t\t\t\t\t\t\t\t\t\t\t\t<\/div>\n\t\t\t\t<\/div>\n\t\t<div class=\"elementor-element elementor-element-8144ffc e-con-full e-flex e-con e-child\" data-id=\"8144ffc\" data-element_type=\"container\">\r\n\t\t<div class=\"elementor-element elementor-element-37657d9 e-con-full e-flex e-con e-child\" data-id=\"37657d9\" data-element_type=\"container\">\r\n\t\t\t\t<div class=\"elementor-element elementor-element-ffa02e5 elementor-widescreen-align-left elementor-align-center elementor-widget elementor-widget-button\" data-id=\"ffa02e5\" data-element_type=\"widget\" data-widget_type=\"button.default\">\n\t\t\t\t<div class=\"elementor-widget-container\">\n\t\t\t\t\t\t\t\t\t<div class=\"elementor-button-wrapper\">\n\t\t\t\t\t<a class=\"elementor-button elementor-button-link elementor-size-sm\" href=\"https:\/\/generarenovables.com.ar\/wp-content\/uploads\/2025\/05\/Catalogo-Sistemas-Split.jpg\" target=\"_blank\">\n\t\t\t\t\t\t<span class=\"elementor-button-content-wrapper\">\n\t\t\t\t\t\t<span class=\"elementor-button-icon\">\n\t\t\t\t<svg aria-hidden=\"true\" class=\"e-font-icon-svg e-far-file-pdf\" viewbox=\"0 0 384 512\" xmlns=\"http:\/\/www.w3.org\/2000\/svg\"><path d=\"M369.9 97.9L286 14C277 5 264.8-.1 252.1-.1H48C21.5 0 0 21.5 0 48v416c0 26.5 21.5 48 48 48h288c26.5 0 48-21.5 48-48V131.9c0-12.7-5.1-25-14.1-34zM332.1 128H256V51.9l76.1 76.1zM48 464V48h160v104c0 13.3 10.7 24 24 24h104v288H48zm250.2-143.7c-12.2-12-47-8.7-64.4-6.5-17.2-10.5-28.7-25-36.8-46.3 3.9-16.1 10.1-40.6 5.4-56-4.2-26.2-37.8-23.6-42.6-5.9-4.4 16.1-.4 38.5 7 67.1-10 23.9-24.9 56-35.4 74.4-20 10.3-47 26.2-51 46.2-3.3 15.8 26 55.2 76.1-31.2 22.4-7.4 46.8-16.5 68.4-20.1 18.9 10.2 41 17 55.8 17 25.5 0 28-28.2 17.5-38.7zm-198.1 77.8c5.1-13.7 24.5-29.5 30.4-35-19 30.3-30.4 35.7-30.4 35zm81.6-190.6c7.4 0 6.7 32.1 1.8 40.8-4.4-13.9-4.3-40.8-1.8-40.8zm-24.4 136.6c9.7-16.9 18-37 24.7-54.7 8.3 15.1 18.9 27.2 30.1 35.5-20.8 4.3-38.9 13.1-54.8 19.2zm131.6-5s-5 6-37.3-7.8c35.1-2.6 40.9 5.4 37.3 7.8z\"><\/path><\/svg>\t\t\t<\/span>\n\t\t\t\t\t\t\t\t\t<span class=\"elementor-button-text\">Descargar Cat\u00e1logo Sistemas Split<\/span>\n\t\t\t\t\t<\/span>\n\t\t\t\t\t<\/a>\n\t\t\t\t<\/div>\n\t\t\t\t\t\t\t\t<\/div>\n\t\t\t\t<\/div>\n\t\t\t\t<\/div>\r\n\t\t\t\t<\/div>\r\n\t\t\t\t<\/div>\r\n\t\t\t\t<\/div>\r\n\t\t<div class=\"elementor-element elementor-element-46063b1 e-con-full e-flex e-con e-child\" data-id=\"46063b1\" data-element_type=\"container\" data-settings=\"{&quot;background_background&quot;:&quot;classic&quot;}\">\r\n\t\t<div class=\"elementor-element elementor-element-24773f3 e-con-full e-flex e-con e-child\" data-id=\"24773f3\" data-element_type=\"container\">\r\n\t\t\t\t<div class=\"elementor-element elementor-element-270d3c8 elementor-widget__width-initial elementor-widget elementor-widget-heading\" data-id=\"270d3c8\" data-element_type=\"widget\" data-widget_type=\"heading.default\">\n\t\t\t\t<div class=\"elementor-widget-container\">\n\t\t\t\t\t<h4 class=\"elementor-heading-title elementor-size-default\">NUESTROS TANQUES ACUMULADORES <br \/>\nY LOS CAPTADOR SPLIT SON <br \/>\nFABRICADOS BAJO NORMAS IRAM<\/h4>\t\t\t\t<\/div>\n\t\t\t\t<\/div>\n\t\t\t\t<\/div>\r\n\t\t\t\t<\/div>\r\n\t\t\t\t<\/div>\r\n\t\t\t\t<\/div>\r\n\t\t\t\t\t<\/div>\r\n\t\t\t\t<\/div>\r\n\t\t        <section class=\"elementor-section elementor-top-section elementor-element elementor-element-7a4ca19 elementor-section-stretched elementor-section-content-middle elementor-section-boxed elementor-section-height-default elementor-section-height-default cms-boxed-bg-false\" data-id=\"7a4ca19\" data-element_type=\"section\" data-settings=\"{&quot;stretch_section&quot;:&quot;section-stretched&quot;,&quot;background_background&quot;:&quot;classic&quot;}\">\r\n\t\t<div class=\"cms-section-boxed-bg\"><\/div>        <div class=\"elementor-container elementor-column-gap-default\" >\r\n\t\t        <div class=\"elementor-column elementor-col-100 elementor-top-column elementor-element elementor-element-8dd0abe\" data-id=\"8dd0abe\" data-element_type=\"column\">\r\n            <div class=\"elementor-widget-wrap elementor-element-populated\">\r\n                        <div class=\"elementor-section elementor-inner-section elementor-element elementor-element-1e92a7d cms-justify-content-center elementor-section-content-middle elementor-section-boxed elementor-section-height-default elementor-section-height-default\" data-id=\"1e92a7d\" data-element_type=\"section\">\r\n\t\t<div class=\"cms-section-boxed-bg\"><\/div>        <div class=\"elementor-container elementor-column-gap-no\" >\r\n\t\t        <div class=\"elementor-column elementor-col-50 elementor-inner-column elementor-element elementor-element-e57416e\" data-id=\"e57416e\" data-element_type=\"column\">\r\n            <div class=\"elementor-widget-wrap elementor-element-populated\">\r\n                \t\t<div class=\"elementor-element elementor-element-fbd2b60 elementor-widget elementor-widget-heading\" data-id=\"fbd2b60\" data-element_type=\"widget\" data-widget_type=\"heading.default\">\n\t\t\t\t<div class=\"elementor-widget-container\">\n\t\t\t\t\t<h1 class=\"elementor-heading-title elementor-size-default\">\u00bfTiene alguna consulta?<\/h1>\t\t\t\t<\/div>\n\t\t\t\t<\/div>\n\t\t            <\/div>\r\n        <\/div>\r\n                <div class=\"elementor-column elementor-col-50 elementor-inner-column elementor-element elementor-element-4b8330a\" data-id=\"4b8330a\" data-element_type=\"column\">\r\n            <div class=\"elementor-widget-wrap elementor-element-populated\">\r\n                \t\t<div class=\"elementor-element elementor-element-188df95 elementor-align-right elementor-widget elementor-widget-button\" data-id=\"188df95\" data-element_type=\"widget\" data-widget_type=\"button.default\">\n\t\t\t\t<div class=\"elementor-widget-container\">\n\t\t\t\t\t\t\t\t\t<div class=\"elementor-button-wrapper\">\n\t\t\t\t\t<a class=\"elementor-button elementor-button-link elementor-size-lg\" href=\"\/en\/contacto\/\">\n\t\t\t\t\t\t<span class=\"elementor-button-content-wrapper\">\n\t\t\t\t\t\t\t\t\t<span class=\"elementor-button-text\">Cont\u00e1ctenos<\/span>\n\t\t\t\t\t<\/span>\n\t\t\t\t\t<\/a>\n\t\t\t\t<\/div>\n\t\t\t\t\t\t\t\t<\/div>\n\t\t\t\t<\/div>\n\t\t            <\/div>\r\n        <\/div>\r\n        \t\t\t<\/div>\r\n\t\t<\/div>\r\n\t\t            <\/div>\r\n        <\/div>\r\n        \t\t\t<\/div>\r\n\t\t<\/section>\r\n\t\t\t\t<\/div>","protected":false},"excerpt":{"rendered":"<p>Descargue nuestros cat\u00e1logos Descargar Cat\u00e1logo Modelo 100 Descargar Cat\u00e1logo Modelo 120 Descargar Cat\u00e1logo Modelo 180 Descargar Cat\u00e1logo Modelo 420 Descargar Cat\u00e1logo Sistemas Split NUESTROS TANQUES ACUMULADORES Y LOS CAPTADOR SPLIT SON FABRICADOS BAJO NORMAS IRAM \u00bfTiene alguna consulta? Cont\u00e1ctenos<\/p>","protected":false},"author":2,"featured_media":0,"parent":0,"menu_order":0,"comment_status":"closed","ping_status":"closed","template":"","meta":{"footnotes":""},"class_list":["post-6142","page","type-page","status-publish","hentry","cms-no-post-thumbnail"],"_links":{"self":[{"href":"https:\/\/generarenovables.com.ar\/en\/wp-json\/wp\/v2\/pages\/6142","targetHints":{"allow":["GET"]}}],"collection":[{"href":"https:\/\/generarenovables.com.ar\/en\/wp-json\/wp\/v2\/pages"}],"about":[{"href":"https:\/\/generarenovables.com.ar\/en\/wp-json\/wp\/v2\/types\/page"}],"author":[{"embeddable":true,"href":"https:\/\/generarenovables.com.ar\/en\/wp-json\/wp\/v2\/users\/2"}],"replies":[{"embeddable":true,"href":"https:\/\/generarenovables.com.ar\/en\/wp-json\/wp\/v2\/comments?post=6142"}],"version-history":[{"count":41,"href":"https:\/\/generarenovables.com.ar\/en\/wp-json\/wp\/v2\/pages\/6142\/revisions"}],"predecessor-version":[{"id":7250,"href":"https:\/\/generarenovables.com.ar\/en\/wp-json\/wp\/v2\/pages\/6142\/revisions\/7250"}],"wp:attachment":[{"href":"https:\/\/generarenovables.com.ar\/en\/wp-json\/wp\/v2\/media?parent=6142"}],"curies":[{"name":"wp","href":"https:\/\/api.w.org\/{rel}","templated":true}]}}